{"id":37,"date":"2026-03-12T14:55:29","date_gmt":"2026-03-12T14:55:29","guid":{"rendered":"https:\/\/marianaemiguel.pt\/convite\/"},"modified":"2026-03-25T15:05:30","modified_gmt":"2026-03-25T15:05:30","slug":"convite","status":"publish","type":"page","link":"https:\/\/marianaemiguel.pt\/en\/convite\/","title":{"rendered":"Invitation"},"content":{"rendered":"<div data-elementor-type=\"wp-page\" data-elementor-id=\"37\" class=\"elementor elementor-37\" data-elementor-post-type=\"page\">\n\t\t\t\t<div class=\"elementor-element elementor-element-09a8462 e-con-full e-flex e-con e-parent\" data-id=\"09a8462\" data-element_type=\"container\" data-e-type=\"container\" data-no-translation=\"\">\n\t\t\t\t<div class=\"elementor-element elementor-element-d656dcb elementor-widget__width-inherit elementor-hidden-desktop elementor-hidden-laptop elementor-hidden-tablet_extra elementor-hidden-tablet elementor-hidden-mobile_extra elementor-widget elementor-widget-image\" data-id=\"d656dcb\" data-element_type=\"widget\" data-e-type=\"widget\" data-widget_type=\"image.default\">\n\t\t\t\t\t\t\t\t\t\t\t\t\t\t\t<img fetchpriority=\"high\" decoding=\"async\" width=\"927\" height=\"2560\" src=\"https:\/\/marianaemiguel.pt\/wp-content\/uploads\/2026\/03\/Convite_Mobile-1-1-scaled.png\" class=\"attachment-full size-full wp-image-585\" alt=\"\" srcset=\"https:\/\/marianaemiguel.pt\/wp-content\/uploads\/2026\/03\/Convite_Mobile-1-1-scaled.png 927w, https:\/\/marianaemiguel.pt\/wp-content\/uploads\/2026\/03\/Convite_Mobile-1-1-109x300.png 109w, https:\/\/marianaemiguel.pt\/wp-content\/uploads\/2026\/03\/Convite_Mobile-1-1-371x1024.png 371w, https:\/\/marianaemiguel.pt\/wp-content\/uploads\/2026\/03\/Convite_Mobile-1-1-768x2122.png 768w, https:\/\/marianaemiguel.pt\/wp-content\/uploads\/2026\/03\/Convite_Mobile-1-1-556x1536.png 556w, https:\/\/marianaemiguel.pt\/wp-content\/uploads\/2026\/03\/Convite_Mobile-1-1-4x12.png 4w\" sizes=\"(max-width: 927px) 100vw, 927px\" \/>\t\t\t\t\t\t\t\t\t\t\t\t\t\t\t<\/div>\n\t\t\t\t<div class=\"elementor-element elementor-element-760d51f elementor-widget__width-inherit elementor-hidden-mobile elementor-widget elementor-widget-image\" data-id=\"760d51f\" data-element_type=\"widget\" data-e-type=\"widget\" data-widget_type=\"image.default\">\n\t\t\t\t\t\t\t\t\t\t\t\t\t\t\t<img decoding=\"async\" width=\"2560\" height=\"1530\" src=\"https:\/\/marianaemiguel.pt\/wp-content\/uploads\/2026\/03\/Convite-2-scaled.png\" class=\"attachment-full size-full wp-image-584\" alt=\"\" srcset=\"https:\/\/marianaemiguel.pt\/wp-content\/uploads\/2026\/03\/Convite-2-scaled.png 2560w, https:\/\/marianaemiguel.pt\/wp-content\/uploads\/2026\/03\/Convite-2-300x179.png 300w, https:\/\/marianaemiguel.pt\/wp-content\/uploads\/2026\/03\/Convite-2-1024x612.png 1024w, https:\/\/marianaemiguel.pt\/wp-content\/uploads\/2026\/03\/Convite-2-768x459.png 768w, https:\/\/marianaemiguel.pt\/wp-content\/uploads\/2026\/03\/Convite-2-1536x918.png 1536w, https:\/\/marianaemiguel.pt\/wp-content\/uploads\/2026\/03\/Convite-2-2048x1224.png 2048w, https:\/\/marianaemiguel.pt\/wp-content\/uploads\/2026\/03\/Convite-2-18x12.png 18w\" sizes=\"(max-width: 2560px) 100vw, 2560px\" \/>\t\t\t\t\t\t\t\t\t\t\t\t\t\t\t<\/div>\n\t\t\t\t<\/div>\n\t\t<div class=\"elementor-element elementor-element-d2f4740 e-flex e-con-boxed e-con e-parent\" data-id=\"d2f4740\" data-element_type=\"container\" data-e-type=\"container\">\n\t\t\t\t\t<div class=\"e-con-inner\">\n\t\t\t\t<div class=\"elementor-element elementor-element-947e511 animated-slow elementor-invisible elementor-widget elementor-widget-image\" data-id=\"947e511\" data-element_type=\"widget\" data-e-type=\"widget\" data-settings=\"{&quot;_animation&quot;:&quot;fadeIn&quot;,&quot;_animation_delay&quot;:200}\" data-no-translation=\"\" data-widget_type=\"image.default\">\n\t\t\t\t\t<style>.elementor-element-947e511{display:none !important}<\/style>\t\t\t\t<\/div>\n\t\t\t\t<div class=\"elementor-element elementor-element-3da7d53 animated-slow elementor-invisible elementor-widget elementor-widget-image\" data-id=\"3da7d53\" data-element_type=\"widget\" data-e-type=\"widget\" data-settings=\"{&quot;_animation&quot;:&quot;fadeIn&quot;,&quot;_animation_delay&quot;:200}\" data-no-translation=\"\" data-widget_type=\"image.default\">\n\t\t\t\t\t\t\t\t\t\t\t\t\t\t\t<img decoding=\"async\" width=\"800\" height=\"288\" src=\"https:\/\/marianaemiguel.pt\/wp-content\/uploads\/2026\/03\/Titulos-10-1024x368.png\" class=\"attachment-large size-large wp-image-516\" alt=\"\" srcset=\"https:\/\/marianaemiguel.pt\/wp-content\/uploads\/2026\/03\/Titulos-10-1024x368.png 1024w, https:\/\/marianaemiguel.pt\/wp-content\/uploads\/2026\/03\/Titulos-10-300x108.png 300w, https:\/\/marianaemiguel.pt\/wp-content\/uploads\/2026\/03\/Titulos-10-768x276.png 768w, https:\/\/marianaemiguel.pt\/wp-content\/uploads\/2026\/03\/Titulos-10-18x6.png 18w, https:\/\/marianaemiguel.pt\/wp-content\/uploads\/2026\/03\/Titulos-10.png 1515w\" sizes=\"(max-width: 800px) 100vw, 800px\" \/>\t\t\t\t\t\t\t\t\t\t\t\t\t\t\t<\/div>\n\t\t\t\t<div class=\"elementor-element elementor-element-295bcf5 animated-slow elementor-invisible elementor-widget elementor-widget-text-editor\" data-id=\"295bcf5\" data-element_type=\"widget\" data-e-type=\"widget\" data-settings=\"{&quot;_animation&quot;:&quot;fadeIn&quot;,&quot;_animation_delay&quot;:400}\" data-widget_type=\"text-editor.default\">\n\t\t\t\t\t\t\t\t\t<p>The greatest gift you can give us is to celebrate this day with joy, good spirits, and a desire to create lasting memories.<\/p><p>Of course, for those who wish to mark this occasion, any contribution will be gratefully received and will help make our life together even more memorable.<\/p><p>As we have been living together for (almost) four years and our home is more than fully equipped, creating a gift list feels somewhat unnecessary. Therefore, we prefer to share our IBAN here:<\/p><p><span class=\"iban\">PT50 0023 0000 4571 9190 2279 4<\/span><\/p><p>We are grateful in advance not only for the gesture, but above all for your presence on this unique day.<\/p>\t\t\t\t\t\t\t\t<\/div>\n\t\t\t\t\t<\/div>\n\t\t\t\t<\/div>\n\t\t\t\t<\/div>","protected":false},"excerpt":{"rendered":"<p>O melhor presente que nos podem dar \u00e9 celebrarem connosco este dia, com entusiasmo, boa disposi\u00e7\u00e3o e vontade de criar mem\u00f3rias! Ainda assim, para quem quiser assinalar este momento, qualquer contributo ser\u00e1 uma ajuda preciosa para tornar a nossa vida a dois ainda mais memor\u00e1vel. Como vivemos juntos h\u00e1 (quase) quatro anos, e a casa [&hellip;]<\/p>\n","protected":false},"author":1,"featured_media":0,"parent":0,"menu_order":0,"comment_status":"closed","ping_status":"closed","template":"elementor_header_footer","meta":{"footnotes":""},"class_list":["post-37","page","type-page","status-publish","hentry"],"_links":{"self":[{"href":"https:\/\/marianaemiguel.pt\/en\/wp-json\/wp\/v2\/pages\/37","targetHints":{"allow":["GET"]}}],"collection":[{"href":"https:\/\/marianaemiguel.pt\/en\/wp-json\/wp\/v2\/pages"}],"about":[{"href":"https:\/\/marianaemiguel.pt\/en\/wp-json\/wp\/v2\/types\/page"}],"author":[{"embeddable":true,"href":"https:\/\/marianaemiguel.pt\/en\/wp-json\/wp\/v2\/users\/1"}],"replies":[{"embeddable":true,"href":"https:\/\/marianaemiguel.pt\/en\/wp-json\/wp\/v2\/comments?post=37"}],"version-history":[{"count":5,"href":"https:\/\/marianaemiguel.pt\/en\/wp-json\/wp\/v2\/pages\/37\/revisions"}],"predecessor-version":[{"id":588,"href":"https:\/\/marianaemiguel.pt\/en\/wp-json\/wp\/v2\/pages\/37\/revisions\/588"}],"wp:attachment":[{"href":"https:\/\/marianaemiguel.pt\/en\/wp-json\/wp\/v2\/media?parent=37"}],"curies":[{"name":"wp","href":"https:\/\/api.w.org\/{rel}","templated":true}]}}